{"id":169,"date":"2014-02-25T17:51:17","date_gmt":"2014-02-25T17:51:17","guid":{"rendered":"http:\/\/galloways-weihermatthof.de\/?page_id=169"},"modified":"2017-09-06T07:15:00","modified_gmt":"2017-09-06T07:15:00","slug":"warum-galloways","status":"publish","type":"page","link":"https:\/\/galloways-weihermatthof.de\/?page_id=169","title":{"rendered":"Warum Galloways?"},"content":{"rendered":"<h2><strong><span style=\"color: #119600;\">Warum Galloways?<\/span><\/strong><\/h2>\n<p>Galloways sind eine dominante, hornlose Fleischrinderrasse. Sie sind friedfertig, gen\u00fcgsam und widerstandsf\u00e4hig.<br \/>\nDurch eine hohe Futterverwertung bei naturnaher Haltung bringen Sie eine hervorragende Qualit\u00e4t in der Fleischleistung.<\/p>\n","protected":false},"excerpt":{"rendered":"<p>Warum Galloways? Galloways sind eine dominante, hornlose Fleischrinderrasse. Sie sind friedfertig, gen\u00fcgsam und widerstandsf\u00e4hig. Durch eine hohe Futterverwertung bei naturnaher Haltung bringen Sie eine hervorragende Qualit\u00e4t in der Fleischleistung.<\/p>\n","protected":false},"author":1,"featured_media":0,"parent":9,"menu_order":0,"comment_status":"closed","ping_status":"closed","template":"","meta":{"ngg_post_thumbnail":0,"footnotes":""},"class_list":["post-169","page","type-page","status-publish","hentry"],"_links":{"self":[{"href":"https:\/\/galloways-weihermatthof.de\/index.php?rest_route=\/wp\/v2\/pages\/169","targetHints":{"allow":["GET"]}}],"collection":[{"href":"https:\/\/galloways-weihermatthof.de\/index.php?rest_route=\/wp\/v2\/pages"}],"about":[{"href":"https:\/\/galloways-weihermatthof.de\/index.php?rest_route=\/wp\/v2\/types\/page"}],"author":[{"embeddable":true,"href":"https:\/\/galloways-weihermatthof.de\/index.php?rest_route=\/wp\/v2\/users\/1"}],"replies":[{"embeddable":true,"href":"https:\/\/galloways-weihermatthof.de\/index.php?rest_route=%2Fwp%2Fv2%2Fcomments&post=169"}],"version-history":[{"count":5,"href":"https:\/\/galloways-weihermatthof.de\/index.php?rest_route=\/wp\/v2\/pages\/169\/revisions"}],"predecessor-version":[{"id":539,"href":"https:\/\/galloways-weihermatthof.de\/index.php?rest_route=\/wp\/v2\/pages\/169\/revisions\/539"}],"up":[{"embeddable":true,"href":"https:\/\/galloways-weihermatthof.de\/index.php?rest_route=\/wp\/v2\/pages\/9"}],"wp:attachment":[{"href":"https:\/\/galloways-weihermatthof.de\/index.php?rest_route=%2Fwp%2Fv2%2Fmedia&parent=169"}],"curies":[{"name":"wp","href":"https:\/\/api.w.org\/{rel}","templated":true}]}}