{"id":172,"date":"2014-02-25T17:52:47","date_gmt":"2014-02-25T17:52:47","guid":{"rendered":"http:\/\/galloways-weihermatthof.de\/?page_id=172"},"modified":"2017-09-06T07:15:06","modified_gmt":"2017-09-06T07:15:06","slug":"die-ebners","status":"publish","type":"page","link":"https:\/\/galloways-weihermatthof.de\/?page_id=172","title":{"rendered":"Die Ebners"},"content":{"rendered":"<h2><strong><span style=\"color: #119600;\">Wer sind wir?<\/span><\/strong><\/h2>\n<p>Wir, das sind Familie Sven und Sinje Ebner mit Sohn Max.<br \/>\nSven Ebner ist Metzgermeister , Landwirt und\u00a0mit Herzblut Gallowayz\u00fcchter.\u00a0Seine Frau Sinje unterst\u00fctzt Ihn bei den b\u00fcrokratischen Angelegenheiten und auch Sohn Max hilft tatkr\u00e4ftig mit.<\/p>\n","protected":false},"excerpt":{"rendered":"<p>Wer sind wir? Wir, das sind Familie Sven und Sinje Ebner mit Sohn Max. Sven Ebner ist Metzgermeister , Landwirt und\u00a0mit Herzblut Gallowayz\u00fcchter.\u00a0Seine Frau Sinje unterst\u00fctzt Ihn bei den b\u00fcrokratischen Angelegenheiten und auch Sohn Max hilft tatkr\u00e4ftig mit.<\/p>\n","protected":false},"author":1,"featured_media":0,"parent":9,"menu_order":2,"comment_status":"closed","ping_status":"closed","template":"","meta":{"ngg_post_thumbnail":0,"footnotes":""},"class_list":["post-172","page","type-page","status-publish","hentry"],"_links":{"self":[{"href":"https:\/\/galloways-weihermatthof.de\/index.php?rest_route=\/wp\/v2\/pages\/172","targetHints":{"allow":["GET"]}}],"collection":[{"href":"https:\/\/galloways-weihermatthof.de\/index.php?rest_route=\/wp\/v2\/pages"}],"about":[{"href":"https:\/\/galloways-weihermatthof.de\/index.php?rest_route=\/wp\/v2\/types\/page"}],"author":[{"embeddable":true,"href":"https:\/\/galloways-weihermatthof.de\/index.php?rest_route=\/wp\/v2\/users\/1"}],"replies":[{"embeddable":true,"href":"https:\/\/galloways-weihermatthof.de\/index.php?rest_route=%2Fwp%2Fv2%2Fcomments&post=172"}],"version-history":[{"count":7,"href":"https:\/\/galloways-weihermatthof.de\/index.php?rest_route=\/wp\/v2\/pages\/172\/revisions"}],"predecessor-version":[{"id":678,"href":"https:\/\/galloways-weihermatthof.de\/index.php?rest_route=\/wp\/v2\/pages\/172\/revisions\/678"}],"up":[{"embeddable":true,"href":"https:\/\/galloways-weihermatthof.de\/index.php?rest_route=\/wp\/v2\/pages\/9"}],"wp:attachment":[{"href":"https:\/\/galloways-weihermatthof.de\/index.php?rest_route=%2Fwp%2Fv2%2Fmedia&parent=172"}],"curies":[{"name":"wp","href":"https:\/\/api.w.org\/{rel}","templated":true}]}}