{"id":492,"date":"2015-01-12T07:51:53","date_gmt":"2015-01-12T07:51:53","guid":{"rendered":"http:\/\/galloways-weihermatthof.de\/?page_id=492"},"modified":"2017-05-25T15:55:24","modified_gmt":"2017-05-25T15:55:24","slug":"genussfleisch","status":"publish","type":"page","link":"https:\/\/galloways-weihermatthof.de\/?page_id=492","title":{"rendered":"Genussfleisch"},"content":{"rendered":"<p style=\"text-align: center;\">\n<table id=\"tablepress-4\" class=\"tablepress tablepress-id-4\">\n<tbody>\n<tr class=\"row-1\">\n\t<td class=\"column-1\"><a href=\"http:\/\/galloways-weihermatthof.de\/wp-content\/uploads\/2015\/01\/IMG_2849.jpg\"><img loading=\"lazy\" decoding=\"async\" src=\"http:\/\/galloways-weihermatthof.de\/wp-content\/uploads\/2015\/01\/IMG_2849-150x150.jpg\" alt=\"\" width=\"150\" height=\"150\" class=\"alignnone size-thumbnail wp-image-739\" \/><\/a><\/td><td class=\"column-2\"><a href=\"http:\/\/galloways-weihermatthof.de\/wp-content\/uploads\/2017\/05\/IMG_2847-e1495726752662.jpg\"><img loading=\"lazy\" decoding=\"async\" src=\"http:\/\/galloways-weihermatthof.de\/wp-content\/uploads\/2017\/05\/IMG_2847-e1495726752662-150x150.jpg\" alt=\"\" width=\"150\" height=\"150\" class=\"alignnone size-thumbnail wp-image-760\" \/><\/a><\/td><td class=\"column-3\"><a href=\"http:\/\/galloways-weihermatthof.de\/wp-content\/uploads\/2015\/01\/IMG_2848.jpg\"><img loading=\"lazy\" decoding=\"async\" src=\"http:\/\/galloways-weihermatthof.de\/wp-content\/uploads\/2015\/01\/IMG_2848-150x150.jpg\" alt=\"\" width=\"150\" height=\"150\" class=\"alignnone size-thumbnail wp-image-738\" \/><\/a><\/td>\n<\/tr>\n<\/tbody>\n<\/table>\n<!-- #tablepress-4 from cache --><\/p>\n<p>Unsere Galloways werden w\u00e4hrend der kalten Monate ausschlie\u00dflich mit Heu gef\u00fcttert und verbringen die restliche Zeit des Jahres auf unserer saftigen Weide, auf der auch immer eine gef\u00fcllte Heuraufe zur Verf\u00fcgung steht. Sie werden extensiv gehalten und so k\u00f6nnen wir ein schmackhaftes, feinfasriges und sch\u00f6n marmoriertes Fleisch anbieten.<\/p>\n<p>Mit einem hohen Anteil an Omega 3 Fetts\u00e4uren liegt der Gesamtfettgehalt unter 3% bei ca. 98% unges\u00e4ttigten Fetts\u00e4uren. Unser Gallowayfleisch ist daher ern\u00e4hrungsphysiologisch nachweislich sehr wertvoll.<\/p>\n<p>Nach ca. 2 gl\u00fccklichen Jahren in artgerechter Haltung werden unsere Weiderinder geschlachtet. Bei der Verarbeitung legen wir gr\u00f6\u00dften Wert auf Qualit\u00e4t. Das beginnt beim kurzen Transportweg und der stressfreien Schlachtung.<\/p>\n<p>Nachdem das Fleisch gut abgehangen ist wird es von mir (Sven Ebner, Metzgermeister) nach unseren Kundenw\u00fcnschen fachgerecht zerlegt und verpackt.<\/p>\n","protected":false},"excerpt":{"rendered":"<p>Unsere Galloways werden w\u00e4hrend der kalten Monate ausschlie\u00dflich mit Heu gef\u00fcttert und verbringen die restliche Zeit des Jahres auf unserer saftigen Weide, auf der auch immer eine gef\u00fcllte Heuraufe zur Verf\u00fcgung steht. Sie werden extensiv gehalten und so k\u00f6nnen wir ein schmackhaftes, feinfasriges und sch\u00f6n marmoriertes Fleisch anbieten. Mit einem hohen Anteil an Omega 3 &hellip; <a href=\"https:\/\/galloways-weihermatthof.de\/?page_id=492\" class=\"more-link\"><span class=\"screen-reader-text\">Genussfleisch<\/span> weiterlesen <span class=\"meta-nav\">&rarr;<\/span><\/a><\/p>\n","protected":false},"author":1,"featured_media":0,"parent":0,"menu_order":0,"comment_status":"closed","ping_status":"closed","template":"","meta":{"ngg_post_thumbnail":0,"footnotes":""},"class_list":["post-492","page","type-page","status-publish","hentry"],"_links":{"self":[{"href":"https:\/\/galloways-weihermatthof.de\/index.php?rest_route=\/wp\/v2\/pages\/492","targetHints":{"allow":["GET"]}}],"collection":[{"href":"https:\/\/galloways-weihermatthof.de\/index.php?rest_route=\/wp\/v2\/pages"}],"about":[{"href":"https:\/\/galloways-weihermatthof.de\/index.php?rest_route=\/wp\/v2\/types\/page"}],"author":[{"embeddable":true,"href":"https:\/\/galloways-weihermatthof.de\/index.php?rest_route=\/wp\/v2\/users\/1"}],"replies":[{"embeddable":true,"href":"https:\/\/galloways-weihermatthof.de\/index.php?rest_route=%2Fwp%2Fv2%2Fcomments&post=492"}],"version-history":[{"count":23,"href":"https:\/\/galloways-weihermatthof.de\/index.php?rest_route=\/wp\/v2\/pages\/492\/revisions"}],"predecessor-version":[{"id":770,"href":"https:\/\/galloways-weihermatthof.de\/index.php?rest_route=\/wp\/v2\/pages\/492\/revisions\/770"}],"wp:attachment":[{"href":"https:\/\/galloways-weihermatthof.de\/index.php?rest_route=%2Fwp%2Fv2%2Fmedia&parent=492"}],"curies":[{"name":"wp","href":"https:\/\/api.w.org\/{rel}","templated":true}]}}