{"id":7,"date":"2014-02-24T17:55:09","date_gmt":"2014-02-24T17:55:09","guid":{"rendered":"http:\/\/galloways-weihermatthof.de\/?page_id=7"},"modified":"2017-09-06T07:15:20","modified_gmt":"2017-09-06T07:15:20","slug":"galloways_1","status":"publish","type":"page","link":"https:\/\/galloways-weihermatthof.de\/?page_id=7","title":{"rendered":"Die Rasse"},"content":{"rendered":"<h2><strong><span style=\"color: #119600;\">Die Rasse &#8222;Galloways&#8220;&#8230;<\/span><\/strong><\/h2>\n<p>Galloways stammen urspr\u00fcnglich aus Schottland und gelten als \u00e4lteste Fleischrinderrasse. Sie sind langlebig, fruchtbar und leichtkalbig.<\/p>\n<p>Durch Ihren geringen Vertritt sind Galloways f\u00fcr den Landschaftsschutz geradezu pr\u00e4destiniert. Ihre Vertrautheit dem Menschen gegen\u00fcber erm\u00f6glicht auch eine Haltung auf Fl\u00e4chen, die sich Mensch und Tier teilen.<\/p>\n<p>Die Robustheit der Rasse versetzt Sie in die Lage, sich bei Wind und Wetter in einer offenen Weidelandschaft ganzj\u00e4hrig aufzuhalten. Sie sind anspruchslos und sehr gen\u00fcgsam.<\/p>\n<p>Unsere Galloways haben haupts\u00e4chlich den Farbschlag Belted-Black, welchen man an dem durchgehenden wei\u00dfen Bauchring erkennt und wir kreuzen auch keine anderen Rassen\u00a0mit ein.<\/p>\n<p>Belted Galloways gibt es in den Farbschl\u00e4gen Black, Red und Dun.<\/p>\n","protected":false},"excerpt":{"rendered":"<p>Die Rasse &#8222;Galloways&#8220;&#8230; Galloways stammen urspr\u00fcnglich aus Schottland und gelten als \u00e4lteste Fleischrinderrasse. Sie sind langlebig, fruchtbar und leichtkalbig. Durch Ihren geringen Vertritt sind Galloways f\u00fcr den Landschaftsschutz geradezu pr\u00e4destiniert. Ihre Vertrautheit dem Menschen gegen\u00fcber erm\u00f6glicht auch eine Haltung auf Fl\u00e4chen, die sich Mensch und Tier teilen. Die Robustheit der Rasse versetzt Sie in die &hellip; <a href=\"https:\/\/galloways-weihermatthof.de\/?page_id=7\" class=\"more-link\"><span class=\"screen-reader-text\">Die Rasse<\/span> weiterlesen <span class=\"meta-nav\">&rarr;<\/span><\/a><\/p>\n","protected":false},"author":1,"featured_media":0,"parent":0,"menu_order":0,"comment_status":"closed","ping_status":"closed","template":"","meta":{"ngg_post_thumbnail":0,"footnotes":""},"class_list":["post-7","page","type-page","status-publish","hentry"],"_links":{"self":[{"href":"https:\/\/galloways-weihermatthof.de\/index.php?rest_route=\/wp\/v2\/pages\/7","targetHints":{"allow":["GET"]}}],"collection":[{"href":"https:\/\/galloways-weihermatthof.de\/index.php?rest_route=\/wp\/v2\/pages"}],"about":[{"href":"https:\/\/galloways-weihermatthof.de\/index.php?rest_route=\/wp\/v2\/types\/page"}],"author":[{"embeddable":true,"href":"https:\/\/galloways-weihermatthof.de\/index.php?rest_route=\/wp\/v2\/users\/1"}],"replies":[{"embeddable":true,"href":"https:\/\/galloways-weihermatthof.de\/index.php?rest_route=%2Fwp%2Fv2%2Fcomments&post=7"}],"version-history":[{"count":9,"href":"https:\/\/galloways-weihermatthof.de\/index.php?rest_route=\/wp\/v2\/pages\/7\/revisions"}],"predecessor-version":[{"id":679,"href":"https:\/\/galloways-weihermatthof.de\/index.php?rest_route=\/wp\/v2\/pages\/7\/revisions\/679"}],"wp:attachment":[{"href":"https:\/\/galloways-weihermatthof.de\/index.php?rest_route=%2Fwp%2Fv2%2Fmedia&parent=7"}],"curies":[{"name":"wp","href":"https:\/\/api.w.org\/{rel}","templated":true}]}}